{"id":10,"date":"2015-03-12T14:08:01","date_gmt":"2015-03-12T14:08:01","guid":{"rendered":"https:\/\/avada.theme-fusion.com_demos\/lifestyle\/?page_id=10"},"modified":"2024-11-18T17:52:08","modified_gmt":"2024-11-18T16:52:08","slug":"yoga-fitness","status":"publish","type":"page","link":"https:\/\/www.tamaralorandi.com\/index.php\/yoga-fitness\/","title":{"rendered":"Yoga &amp; Fitness"},"content":{"rendered":"<p><div class=\"fusion-fullwidth fullwidth-box fusion-builder-row-1 fusion-flex-container nonhundred-percent-fullwidth non-hundred-percent-height-scrolling\" style=\"--awb-background-position:left top;--awb-border-sizes-top:0px;--awb-border-sizes-bottom:0px;--awb-border-sizes-left:0px;--awb-border-sizes-right:0px;--awb-border-radius-top-left:0px;--awb-border-radius-top-right:0px;--awb-border-radius-bottom-right:0px;--awb-border-radius-bottom-left:0px;--awb-padding-top:110px;--awb-padding-bottom:0px;--awb-flex-wrap:wrap;\" ><div class=\"fusion-builder-row fusion-row fusion-flex-align-items-flex-start fusion-flex-content-wrap\" style=\"max-width:1216.8px;margin-left: calc(-4% \/ 2 );margin-right: calc(-4% \/ 2 );\"><div class=\"fusion-layout-column fusion_builder_column fusion-builder-column-0 fusion_builder_column_1_1 1_1 fusion-flex-column\" style=\"--awb-bg-blend:overlay;--awb-bg-size:cover;--awb-width-large:100%;--awb-margin-top-large:0px;--awb-spacing-right-large:1.92%;--awb-margin-bottom-large:0px;--awb-spacing-left-large:1.92%;--awb-width-medium:100%;--awb-spacing-right-medium:1.92%;--awb-spacing-left-medium:1.92%;--awb-width-small:100%;--awb-spacing-right-small:1.92%;--awb-spacing-left-small:1.92%;\"><div class=\"fusion-column-wrapper fusion-flex-justify-content-flex-start fusion-content-layout-column\"><div class=\"fusion-title title fusion-title-1 fusion-sep-none fusion-title-text fusion-title-size-two\" style=\"--awb-margin-bottom:20px;\"><h2 class=\"fusion-title-heading title-heading-left\" style=\"margin:0;\"><h1>Tamara Lorandi<\/h1><\/h2><\/div><div class=\"fusion-separator fusion-full-width-sep\" style=\"align-self: center;margin-left: auto;margin-right: auto;margin-top:15px;width:100%;\"><\/div><div class=\"fusion-text fusion-text-1\"><p>Nasco nel 1974 e da subito dimostro le mie attitudini di grande curiosit\u00e0 per tutto ci\u00f2 che \u00e8 movimento, energia, possibilit\u00e0.<\/p>\n<p>La danza arriva piuttosto tardi nella mia vita, ma la musica e i cavalli sono stati di sicuro il mio primo amore.<\/p>\n<p>Inizio quasi per caso un corso di Danze Caraibiche fine 1999 ed \u00e8 \u201c coup de foudre\u201d dal 2000 conseguo il diploma ANMB per insegnare Salsa, Bachata e merengue ed inizio a ballare seriamente, ma sar\u00e0 solo col mio trasferimento a Savona nel 2007 e con il prezioso supporto di Davide Riccardi ( al tempo mio partner e ballerino) che potr\u00f2 spiccare il volo, iniziando una carriera da professionista come ballerina ed insegnante di Danze caraibiche a livello internazionale,<\/p>\n<p>Con Davide ed il Pueblo Blanco (prima e Danzeria poi) trascorro 10 anni magici, pieni di meravigliose esperienze ( dalla gara vinta per rappresentare l\u2019Italia a Puertorico nel 2009, a numerose esibizioni e workshop in Italia ed Europa, anni di studio di tutte le discipline che potevano nutrire la mia infinita curiosit\u00e0 , da New York e Cuba , passando per l\u2019Europa e sfociando in tantissime attivit\u00e0 frutto del lavoro sia da ballerini che con la scuola di ballo che avevamo in Liguria.<br \/>\nSerate, weekend di studio, vacanze con gli allievi, crociere, due festival internazionali, feste a tema, musical con attori e cantanti.. sono solo alcune delle bellissime iniziative che ho creato in quegli anni cosi produttivi!<br \/>\nHo avuto l\u2019enorme privilegio di poter studiare con i migliori professionisti del settore, in anni di grande fermento e produttivit\u00e0 artistica.<\/p>\n<\/div><\/div><\/div><\/div><\/div><div class=\"fusion-fullwidth fullwidth-box fusion-builder-row-2 fusion-flex-container fusion-parallax-fixed nonhundred-percent-fullwidth non-hundred-percent-height-scrolling lazyload\" style=\"--awb-border-sizes-top:0px;--awb-border-sizes-bottom:0px;--awb-border-sizes-left:0px;--awb-border-sizes-right:0px;--awb-border-radius-top-left:0px;--awb-border-radius-top-right:0px;--awb-border-radius-bottom-right:0px;--awb-border-radius-bottom-left:0px;--awb-padding-top:135px;--awb-padding-bottom:130px;--awb-margin-top:0px;--awb-background-size:cover;--awb-flex-wrap:wrap;background-attachment:fixed;\" data-bg=\"https:\/\/www.tamaralorandi.com\/wp-content\/uploads\/2024\/11\/ChiSonoHd_3-1024x683.png\" ><div class=\"fusion-builder-row fusion-row fusion-flex-align-items-flex-start fusion-flex-content-wrap\" style=\"max-width:1216.8px;margin-left: calc(-4% \/ 2 );margin-right: calc(-4% \/ 2 );\"><\/div><\/div><div class=\"fusion-fullwidth fullwidth-box fusion-builder-row-3 fusion-flex-container nonhundred-percent-fullwidth non-hundred-percent-height-scrolling\" style=\"--awb-background-position:left top;--awb-border-sizes-top:0px;--awb-border-sizes-bottom:0px;--awb-border-sizes-left:0px;--awb-border-sizes-right:0px;--awb-border-radius-top-left:0px;--awb-border-radius-top-right:0px;--awb-border-radius-bottom-right:0px;--awb-border-radius-bottom-left:0px;--awb-padding-top:57px;--awb-padding-bottom:13px;--awb-background-color:var(--awb-color2);--awb-flex-wrap:wrap;\" ><div class=\"fusion-builder-row fusion-row fusion-flex-align-items-flex-start fusion-flex-content-wrap\" style=\"max-width:calc( 1170px + 0px );margin-left: calc(-0px \/ 2 );margin-right: calc(-0px \/ 2 );\"><div class=\"fusion-layout-column fusion_builder_column fusion-builder-column-1 fusion_builder_column_1_1 1_1 fusion-flex-column\" style=\"--awb-bg-blend:overlay;--awb-bg-size:cover;--awb-width-large:100%;--awb-margin-top-large:0px;--awb-spacing-right-large:0px;--awb-margin-bottom-large:0px;--awb-spacing-left-large:calc( 0.02 * calc( 100% - 0px ) );--awb-width-medium:100%;--awb-spacing-right-medium:0px;--awb-spacing-left-medium:calc( 0.02 * calc( 100% - 0px ) );--awb-width-small:100%;--awb-spacing-right-small:0px;--awb-spacing-left-small:0px;\"><div class=\"fusion-column-wrapper fusion-flex-justify-content-flex-start fusion-content-layout-column\"><div class=\"fusion-separator fusion-full-width-sep\" style=\"align-self: center;margin-left: auto;margin-right: auto;margin-top:15px;width:100%;\"><\/div><div class=\"fusion-text fusion-text-2\"><p>Parallelamente ho sempre nutrito ed assecondato la passione per quella che era la mia linea \u201cspeciale\u201d di ballerini, iniziando fin dai primi corsi in cui insegnavo ad integrare la disabilit\u00e0 (per come viene normalmente definita) nei corsi di ballo.<br \/>\nNel 2009 inizio dei corsi di Danze Caraibiche collaborando con l\u2019ADSO di Savona e nel 2012 nasce \u201cEnea21\u201d, la prima scuola di Danze Caraibiche Svizzera per persone con sindrome di Down.<br \/>\nLa magia che il ballo, con la musica, possono creare ed il loro incredibile impatto positivo sulla vita di qualsiasi persona, visto e sperimentato in pista e in sala da ballo negli anni mi ha spinta a formarmi maggiormente , per poter offrire qualcosa in pi\u00f9.<\/p>\n<p>Mi sono cosi laureata in 4 anni di formazione in Danzaterapia Clinica all\u2019istituto Lyceum di Milano, dal 2014 al 2018 ed ho avuto la possibilit\u00e0 di aggiungere un altro pezzo al puzzle della mia vita (sia artistica che personale), completando un aspetto che \u00e8 comunque sempre in divenire, ma che mi permette di offrire anche un approccio terapeutico a utenze che possono beneficiare di tutto ci\u00f2 che \u00e8 movimento danzato, libera espressione che favorisce la naturale connessione col nostro corpo\/cuore\/mente.<\/p>\n<p>Nel 2017 mi sono trasferita nella mia terra natale, in Svizzera, dove vivo e lavoro attualmente come Danzaterapeuta clinica ed insegnante di ballo.<\/p>\n<\/div><div class=\"fusion-separator fusion-full-width-sep\" style=\"align-self: center;margin-left: auto;margin-right: auto;margin-top:15px;width:100%;\"><\/div><\/div><\/div><\/div><\/div><div class=\"fusion-fullwidth fullwidth-box fusion-builder-row-4 fusion-flex-container fusion-parallax-fixed nonhundred-percent-fullwidth non-hundred-percent-height-scrolling lazyload\" style=\"--awb-border-sizes-top:0px;--awb-border-sizes-bottom:0px;--awb-border-sizes-left:0px;--awb-border-sizes-right:0px;--awb-border-radius-top-left:0px;--awb-border-radius-top-right:0px;--awb-border-radius-bottom-right:0px;--awb-border-radius-bottom-left:0px;--awb-padding-top:135px;--awb-padding-bottom:130px;--awb-margin-top:0px;--awb-background-size:cover;--awb-flex-wrap:wrap;background-attachment:fixed;\" data-bg=\"https:\/\/www.tamaralorandi.com\/wp-content\/uploads\/2024\/11\/chiSono_2-1024x679.png\" ><div class=\"fusion-builder-row fusion-row fusion-flex-align-items-flex-start fusion-flex-content-wrap\" style=\"max-width:1216.8px;margin-left: calc(-4% \/ 2 );margin-right: calc(-4% \/ 2 );\"><\/div><\/div><div class=\"fusion-fullwidth fullwidth-box fusion-builder-row-5 fusion-flex-container nonhundred-percent-fullwidth non-hundred-percent-height-scrolling\" style=\"--awb-background-position:left top;--awb-border-sizes-top:0px;--awb-border-sizes-bottom:0px;--awb-border-sizes-left:0px;--awb-border-sizes-right:0px;--awb-border-radius-top-left:0px;--awb-border-radius-top-right:0px;--awb-border-radius-bottom-right:0px;--awb-border-radius-bottom-left:0px;--awb-padding-top:29px;--awb-padding-bottom:28px;--awb-background-color:var(--awb-color2);--awb-flex-wrap:wrap;\" ><div class=\"fusion-builder-row fusion-row fusion-flex-align-items-flex-start fusion-flex-content-wrap\" style=\"max-width:calc( 1170px + 0px );margin-left: calc(-0px \/ 2 );margin-right: calc(-0px \/ 2 );\"><div class=\"fusion-layout-column fusion_builder_column fusion-builder-column-2 fusion_builder_column_1_1 1_1 fusion-flex-column\" style=\"--awb-bg-blend:overlay;--awb-bg-size:cover;--awb-width-large:100%;--awb-margin-top-large:0px;--awb-spacing-right-large:0px;--awb-margin-bottom-large:0px;--awb-spacing-left-large:calc( 0.02 * calc( 100% - 0px ) );--awb-width-medium:100%;--awb-spacing-right-medium:0px;--awb-spacing-left-medium:calc( 0.02 * calc( 100% - 0px ) );--awb-width-small:100%;--awb-spacing-right-small:0px;--awb-spacing-left-small:0px;\"><div class=\"fusion-column-wrapper fusion-flex-justify-content-flex-start fusion-content-layout-column\"><div class=\"fusion-separator fusion-full-width-sep\" style=\"align-self: center;margin-left: auto;margin-right: auto;margin-top:15px;width:100%;\"><\/div><div class=\"fusion-text fusion-text-3\"><p><span style=\"color: var(--awb-text-color); font-family: var(--awb-text-font-family); font-size: var(--awb-font-size); font-style: var(--awb-text-font-style); font-weight: var(--awb-text-font-weight); letter-spacing: var(--awb-letter-spacing); text-align: var(--awb-content-alignment); text-transform: var(--awb-text-transform); background-color: var(--awb-bg-color-hover);\">Lavoro sia in Strutture per anziani nel Luganese con la danzamovimentoterapia e presso la scuola per l\u2019infanzia Montessori \u201cEccolo\u201d con progetti di danza Creativa; tengo inoltre corsi di danze caraibiche per bambini, ragazzi ed adulti a Caslano, presso la mia sala in via Martelli 12.<\/span><\/p>\n<p>Ho attivo anche un corso all\u2019ATTE di via Beltramina 20 a Lugano e altri progetti sono in arrivo.<\/p>\n<p>Sono sempre alla ricerca di tutto ci\u00f2 che \u00e8 possibile, prima dentro e poi fuori di me, per poi metterlo in pratica attraverso corsi, proposte, spettacoli, progetti.. con l\u2019interconnessione di magiche persone che fanno o faranno parte della mia vita.<br \/>\nTutto \u00e8 un continuo divenire, proprio come noi, che siamo energia in movimento.. che se sfocia in una danza con una musica che fa da pavimento, non pu\u00f2 che essere una perfetta ed autentica meraviglia!<\/p>\n<\/div><div class=\"fusion-separator fusion-full-width-sep\" style=\"align-self: center;margin-left: auto;margin-right: auto;margin-top:15px;width:100%;\"><\/div><\/div><\/div><\/div><\/div><\/p>\n","protected":false},"excerpt":{"rendered":"","protected":false},"author":1,"featured_media":0,"parent":0,"menu_order":0,"comment_status":"closed","ping_status":"open","template":"100-width.php","meta":{"footnotes":""},"class_list":["post-10","page","type-page","status-publish","hentry"],"yoast_head":"<!-- This site is optimized with the Yoast SEO plugin v23.4 - https:\/\/yoast.com\/wordpress\/plugins\/seo\/ -->\r\n<title>Tamara Lorandi - Danzaterapia<\/title>\r\n<meta name=\"robots\" content=\"index, follow, max-snippet:-1, max-image-preview:large, max-video-preview:-1\" \/>\r\n<link rel=\"canonical\" href=\"https:\/\/www.tamaralorandi.com\/index.php\/yoga-fitness\/\" \/>\r\n<meta property=\"og:locale\" content=\"it_IT\" \/>\r\n<meta property=\"og:type\" content=\"article\" \/>\r\n<meta property=\"og:title\" content=\"Tamara Lorandi - Danzaterapia\" \/>\r\n<meta property=\"og:url\" content=\"https:\/\/www.tamaralorandi.com\/index.php\/yoga-fitness\/\" \/>\r\n<meta property=\"og:site_name\" content=\"Avada Lifestyle\" \/>\r\n<meta property=\"article:modified_time\" content=\"2024-11-18T16:52:08+00:00\" \/>\r\n<meta property=\"og:image\" content=\"https:\/\/www.tamaralorandi.com\/wp-content\/uploads\/2024\/08\/logo-ballo-copia.jpeg\" \/>\r\n\t<meta property=\"og:image:width\" content=\"960\" \/>\r\n\t<meta property=\"og:image:height\" content=\"960\" \/>\r\n\t<meta property=\"og:image:type\" content=\"image\/jpeg\" \/>\r\n<meta name=\"twitter:card\" content=\"summary_large_image\" \/>\r\n<meta name=\"twitter:label1\" content=\"Tempo di lettura stimato\" \/>\n\t<meta name=\"twitter:data1\" content=\"4 minuti\" \/>\r\n<script type=\"application\/ld+json\" class=\"yoast-schema-graph\">{\"@context\":\"https:\/\/schema.org\",\"@graph\":[{\"@type\":\"WebPage\",\"@id\":\"https:\/\/www.tamaralorandi.com\/index.php\/yoga-fitness\/\",\"url\":\"https:\/\/www.tamaralorandi.com\/index.php\/yoga-fitness\/\",\"name\":\"Tamara Lorandi - Danzaterapia\",\"isPartOf\":{\"@id\":\"https:\/\/www.tamaralorandi.com\/#website\"},\"datePublished\":\"2015-03-12T14:08:01+00:00\",\"dateModified\":\"2024-11-18T16:52:08+00:00\",\"breadcrumb\":{\"@id\":\"https:\/\/www.tamaralorandi.com\/index.php\/yoga-fitness\/#breadcrumb\"},\"inLanguage\":\"it-IT\",\"potentialAction\":[{\"@type\":\"ReadAction\",\"target\":[\"https:\/\/www.tamaralorandi.com\/index.php\/yoga-fitness\/\"]}]},{\"@type\":\"BreadcrumbList\",\"@id\":\"https:\/\/www.tamaralorandi.com\/index.php\/yoga-fitness\/#breadcrumb\",\"itemListElement\":[{\"@type\":\"ListItem\",\"position\":1,\"name\":\"Home\",\"item\":\"https:\/\/www.tamaralorandi.com\/\"},{\"@type\":\"ListItem\",\"position\":2,\"name\":\"Yoga &amp; Fitness\"}]},{\"@type\":\"WebSite\",\"@id\":\"https:\/\/www.tamaralorandi.com\/#website\",\"url\":\"https:\/\/www.tamaralorandi.com\/\",\"name\":\"Tamara Lorandi\",\"description\":\"Tamara Lorandi, docente di ballo e molto altro\",\"publisher\":{\"@id\":\"https:\/\/www.tamaralorandi.com\/#\/schema\/person\/09af3aa0bda4548c43cfc34e6ccbcb1d\"},\"potentialAction\":[{\"@type\":\"SearchAction\",\"target\":{\"@type\":\"EntryPoint\",\"urlTemplate\":\"https:\/\/www.tamaralorandi.com\/?s={search_term_string}\"},\"query-input\":{\"@type\":\"PropertyValueSpecification\",\"valueRequired\":true,\"valueName\":\"search_term_string\"}}],\"inLanguage\":\"it-IT\"},{\"@type\":[\"Person\",\"Organization\"],\"@id\":\"https:\/\/www.tamaralorandi.com\/#\/schema\/person\/09af3aa0bda4548c43cfc34e6ccbcb1d\",\"name\":\"tamaralorandi\",\"image\":{\"@type\":\"ImageObject\",\"inLanguage\":\"it-IT\",\"@id\":\"https:\/\/www.tamaralorandi.com\/#\/schema\/person\/image\/\",\"url\":\"https:\/\/www.tamaralorandi.com\/wp-content\/uploads\/2024\/08\/cropped-logo-ballo-copia.jpeg\",\"contentUrl\":\"https:\/\/www.tamaralorandi.com\/wp-content\/uploads\/2024\/08\/cropped-logo-ballo-copia.jpeg\",\"width\":512,\"height\":512,\"caption\":\"tamaralorandi\"},\"logo\":{\"@id\":\"https:\/\/www.tamaralorandi.com\/#\/schema\/person\/image\/\"},\"sameAs\":[\"https:\/\/www.tamaralorandi.com\"]}]}<\/script>\r\n<!-- \/ Yoast SEO plugin. -->","yoast_head_json":{"title":"Tamara Lorandi - Danzaterapia","robots":{"index":"index","follow":"follow","max-snippet":"max-snippet:-1","max-image-preview":"max-image-preview:large","max-video-preview":"max-video-preview:-1"},"canonical":"https:\/\/www.tamaralorandi.com\/index.php\/yoga-fitness\/","og_locale":"it_IT","og_type":"article","og_title":"Tamara Lorandi - Danzaterapia","og_url":"https:\/\/www.tamaralorandi.com\/index.php\/yoga-fitness\/","og_site_name":"Avada Lifestyle","article_modified_time":"2024-11-18T16:52:08+00:00","og_image":[{"width":960,"height":960,"url":"https:\/\/www.tamaralorandi.com\/wp-content\/uploads\/2024\/08\/logo-ballo-copia.jpeg","type":"image\/jpeg"}],"twitter_card":"summary_large_image","twitter_misc":{"Tempo di lettura stimato":"4 minuti"},"schema":{"@context":"https:\/\/schema.org","@graph":[{"@type":"WebPage","@id":"https:\/\/www.tamaralorandi.com\/index.php\/yoga-fitness\/","url":"https:\/\/www.tamaralorandi.com\/index.php\/yoga-fitness\/","name":"Tamara Lorandi - Danzaterapia","isPartOf":{"@id":"https:\/\/www.tamaralorandi.com\/#website"},"datePublished":"2015-03-12T14:08:01+00:00","dateModified":"2024-11-18T16:52:08+00:00","breadcrumb":{"@id":"https:\/\/www.tamaralorandi.com\/index.php\/yoga-fitness\/#breadcrumb"},"inLanguage":"it-IT","potentialAction":[{"@type":"ReadAction","target":["https:\/\/www.tamaralorandi.com\/index.php\/yoga-fitness\/"]}]},{"@type":"BreadcrumbList","@id":"https:\/\/www.tamaralorandi.com\/index.php\/yoga-fitness\/#breadcrumb","itemListElement":[{"@type":"ListItem","position":1,"name":"Home","item":"https:\/\/www.tamaralorandi.com\/"},{"@type":"ListItem","position":2,"name":"Yoga &amp; Fitness"}]},{"@type":"WebSite","@id":"https:\/\/www.tamaralorandi.com\/#website","url":"https:\/\/www.tamaralorandi.com\/","name":"Tamara Lorandi","description":"Tamara Lorandi, docente di ballo e molto altro","publisher":{"@id":"https:\/\/www.tamaralorandi.com\/#\/schema\/person\/09af3aa0bda4548c43cfc34e6ccbcb1d"},"potentialAction":[{"@type":"SearchAction","target":{"@type":"EntryPoint","urlTemplate":"https:\/\/www.tamaralorandi.com\/?s={search_term_string}"},"query-input":{"@type":"PropertyValueSpecification","valueRequired":true,"valueName":"search_term_string"}}],"inLanguage":"it-IT"},{"@type":["Person","Organization"],"@id":"https:\/\/www.tamaralorandi.com\/#\/schema\/person\/09af3aa0bda4548c43cfc34e6ccbcb1d","name":"tamaralorandi","image":{"@type":"ImageObject","inLanguage":"it-IT","@id":"https:\/\/www.tamaralorandi.com\/#\/schema\/person\/image\/","url":"https:\/\/www.tamaralorandi.com\/wp-content\/uploads\/2024\/08\/cropped-logo-ballo-copia.jpeg","contentUrl":"https:\/\/www.tamaralorandi.com\/wp-content\/uploads\/2024\/08\/cropped-logo-ballo-copia.jpeg","width":512,"height":512,"caption":"tamaralorandi"},"logo":{"@id":"https:\/\/www.tamaralorandi.com\/#\/schema\/person\/image\/"},"sameAs":["https:\/\/www.tamaralorandi.com"]}]}},"_links":{"self":[{"href":"https:\/\/www.tamaralorandi.com\/index.php\/wp-json\/wp\/v2\/pages\/10","targetHints":{"allow":["GET"]}}],"collection":[{"href":"https:\/\/www.tamaralorandi.com\/index.php\/wp-json\/wp\/v2\/pages"}],"about":[{"href":"https:\/\/www.tamaralorandi.com\/index.php\/wp-json\/wp\/v2\/types\/page"}],"author":[{"embeddable":true,"href":"https:\/\/www.tamaralorandi.com\/index.php\/wp-json\/wp\/v2\/users\/1"}],"replies":[{"embeddable":true,"href":"https:\/\/www.tamaralorandi.com\/index.php\/wp-json\/wp\/v2\/comments?post=10"}],"version-history":[{"count":15,"href":"https:\/\/www.tamaralorandi.com\/index.php\/wp-json\/wp\/v2\/pages\/10\/revisions"}],"predecessor-version":[{"id":3576,"href":"https:\/\/www.tamaralorandi.com\/index.php\/wp-json\/wp\/v2\/pages\/10\/revisions\/3576"}],"wp:attachment":[{"href":"https:\/\/www.tamaralorandi.com\/index.php\/wp-json\/wp\/v2\/media?parent=10"}],"curies":[{"name":"wp","href":"https:\/\/api.w.org\/{rel}","templated":true}]}}