{"id":16,"date":"2015-03-12T14:10:33","date_gmt":"2015-03-12T14:10:33","guid":{"rendered":"https:\/\/avada.theme-fusion.com_demos\/lifestyle\/?page_id=16"},"modified":"2024-11-18T17:37:11","modified_gmt":"2024-11-18T16:37:11","slug":"fashion-beauty","status":"publish","type":"page","link":"https:\/\/www.tamaralorandi.com\/index.php\/fashion-beauty\/","title":{"rendered":"Fashion &amp; Beauty"},"content":{"rendered":"<p><div class=\"fusion-fullwidth fullwidth-box fusion-builder-row-1 fusion-flex-container nonhundred-percent-fullwidth non-hundred-percent-height-scrolling\" style=\"--awb-background-position:left top;--awb-border-sizes-top:0px;--awb-border-sizes-bottom:0px;--awb-border-sizes-left:0px;--awb-border-sizes-right:0px;--awb-border-radius-top-left:0px;--awb-border-radius-top-right:0px;--awb-border-radius-bottom-right:0px;--awb-border-radius-bottom-left:0px;--awb-padding-top:76px;--awb-padding-bottom:0px;--awb-flex-wrap:wrap;\" ><div class=\"fusion-builder-row fusion-row fusion-flex-align-items-flex-start fusion-flex-content-wrap\" style=\"max-width:1216.8px;margin-left: calc(-4% \/ 2 );margin-right: calc(-4% \/ 2 );\"><div class=\"fusion-layout-column fusion_builder_column fusion-builder-column-0 fusion_builder_column_1_1 1_1 fusion-flex-column\" style=\"--awb-bg-size:cover;--awb-width-large:100%;--awb-margin-top-large:0px;--awb-spacing-right-large:1.92%;--awb-margin-bottom-large:0px;--awb-spacing-left-large:1.92%;--awb-width-medium:100%;--awb-spacing-right-medium:1.92%;--awb-spacing-left-medium:1.92%;--awb-width-small:100%;--awb-spacing-right-small:1.92%;--awb-spacing-left-small:1.92%;\"><div class=\"fusion-column-wrapper fusion-flex-justify-content-flex-start fusion-content-layout-column\"><div class=\"fusion-title title fusion-title-1 fusion-sep-none fusion-title-text fusion-title-size-two\" style=\"--awb-margin-bottom:20px;\"><h2 class=\"fusion-title-heading title-heading-left\" style=\"margin:0;\">Enea21 Project<\/h2><\/div><div class=\"fusion-separator fusion-full-width-sep\" style=\"align-self: center;margin-left: auto;margin-right: auto;margin-top:15px;width:100%;\"><\/div><div class=\"fusion-text fusion-text-1\"><p>Enea21 \u00e8 la prima ed unica scuola di Danze Caraibiche in Svizzera per bambini, ragazzi ed adulti con la Sindrome di Down (Trisomia 21).<\/p>\n<p>Nasce nel 2012 da un\u2019idea di Claudia Carlucci (che \u00e8 l\u2019organizzatrice) e Tamara Lorandi (che \u00e8 la docente e direttrice artistica).<\/p>\n<p>Proprio perch\u00e8 le persone con sindrome di Down hanno incredibili capacit\u00e0 ad esprimersi nella danza e possono ottenere molto se gli viene insegnato loro con amore, dedizione e professionalit\u00e0, dimostrando che possono crescere attraverso queste sfide, abbattendo molti stigmi e barriere culturali e sociali che ancora esistono, esiste Enea21.<\/p>\n<p>Crediamo fermamente in questo progetto e vogliamo sviluppare appieno questi talenti senza porre limiti alla loro possibilita d\u2019espressione e alla loro libert\u00e0.<\/p>\n<p>&nbsp;<\/p>\n<\/div><\/div><\/div><\/div><\/div><div class=\"fusion-fullwidth fullwidth-box fusion-builder-row-2 fusion-flex-container fusion-parallax-none nonhundred-percent-fullwidth non-hundred-percent-height-scrolling lazyload\" style=\"--awb-background-position:left top;--awb-border-sizes-top:0px;--awb-border-sizes-bottom:0px;--awb-border-sizes-left:0px;--awb-border-sizes-right:0px;--awb-border-radius-top-left:0px;--awb-border-radius-top-right:0px;--awb-border-radius-bottom-right:0px;--awb-border-radius-bottom-left:0px;--awb-padding-top:0px;--awb-padding-bottom:609.998px;--awb-margin-top:0px;--awb-background-color:var(--awb-color2);--awb-background-size:cover;--awb-flex-wrap:wrap;\" data-bg=\"https:\/\/www.tamaralorandi.com\/wp-content\/uploads\/2024\/11\/enea_gruppo-1024x768.png\" ><div class=\"fusion-builder-row fusion-row fusion-flex-align-items-flex-start fusion-flex-content-wrap\" style=\"max-width:calc( 1170px + 0px );margin-left: calc(-0px \/ 2 );margin-right: calc(-0px \/ 2 );\"><\/div><\/div><div class=\"fusion-fullwidth fullwidth-box fusion-builder-row-3 fusion-flex-container nonhundred-percent-fullwidth non-hundred-percent-height-scrolling\" style=\"--awb-background-position:left top;--awb-border-sizes-top:0px;--awb-border-sizes-bottom:0px;--awb-border-sizes-left:0px;--awb-border-sizes-right:0px;--awb-border-radius-top-left:0px;--awb-border-radius-top-right:0px;--awb-border-radius-bottom-right:0px;--awb-border-radius-bottom-left:0px;--awb-padding-top:53px;--awb-padding-bottom:0px;--awb-flex-wrap:wrap;\" ><div class=\"fusion-builder-row fusion-row fusion-flex-align-items-flex-start fusion-flex-content-wrap\" style=\"max-width:1216.8px;margin-left: calc(-4% \/ 2 );margin-right: calc(-4% \/ 2 );\"><div class=\"fusion-layout-column fusion_builder_column fusion-builder-column-1 fusion_builder_column_1_1 1_1 fusion-flex-column\" style=\"--awb-bg-size:cover;--awb-width-large:100%;--awb-margin-top-large:0px;--awb-spacing-right-large:1.92%;--awb-margin-bottom-large:0px;--awb-spacing-left-large:1.92%;--awb-width-medium:100%;--awb-spacing-right-medium:1.92%;--awb-spacing-left-medium:1.92%;--awb-width-small:100%;--awb-spacing-right-small:1.92%;--awb-spacing-left-small:1.92%;\"><div class=\"fusion-column-wrapper fusion-flex-justify-content-flex-start fusion-content-layout-column\"><div class=\"fusion-text fusion-text-2\"><p>Attraverso la nostra formazione completa e le lezioni regolari (che si svolgono un weekend al mese in 3 citta diverse nella Svizzera tedesca), vorremmo dare a tutti i bambini ed adulti con sindrome di Down la possibilita di imparare queste danze e di poter provare l\u2019emozione del palcoscenico, poich\u00e8 ogni anno le nostre coreografie sono finalizzate ad alcune esibizioni in Festival del settore o eventi diversi (sul nostro sito enea21.ch puoi trovare foto e video degli eventi passati-nel 2022 abbiamo festeggiato con un grande evento i nostri primi 10 anni!!).<\/p>\n<p>Chiss\u00e0, forse tuo figlio o tua figlia presto saliranno sul palco come ballerin* e ti sorprenderanno con una romantica Bachata, un allegro Merengue o forse una dinamica Salsa!?<\/p>\n<p>Indipendentemente dal fatto che tu abbia 46 o 47 cromosomi, la danza \u00e8 un potente strumento per aumentare la fiducia in se stessi, promuovere la soddisfazione mentale e fisica e creare nuove amicizie!<\/p>\n<p>Ti aspettiamo per tante ore felici insieme: vieni a conoscerci e se lo vorrai, a far parte della nostra meravigliosa famiglia!<\/p><\/p>\n<\/div><\/div><\/div><\/div><\/div><\/p>\n","protected":false},"excerpt":{"rendered":"","protected":false},"author":1,"featured_media":0,"parent":0,"menu_order":0,"comment_status":"closed","ping_status":"open","template":"100-width.php","meta":{"footnotes":""},"class_list":["post-16","page","type-page","status-publish","hentry"],"yoast_head":"<!-- This site is optimized with the Yoast SEO plugin v23.4 - https:\/\/yoast.com\/wordpress\/plugins\/seo\/ -->\r\n<title>Fashion &amp; Beauty - Avada Lifestyle<\/title>\r\n<meta name=\"robots\" content=\"index, follow, max-snippet:-1, max-image-preview:large, max-video-preview:-1\" \/>\r\n<link rel=\"canonical\" href=\"https:\/\/www.tamaralorandi.com\/index.php\/fashion-beauty\/\" \/>\r\n<meta property=\"og:locale\" content=\"it_IT\" \/>\r\n<meta property=\"og:type\" content=\"article\" \/>\r\n<meta property=\"og:title\" content=\"Fashion &amp; Beauty - Avada Lifestyle\" \/>\r\n<meta property=\"og:url\" content=\"https:\/\/www.tamaralorandi.com\/index.php\/fashion-beauty\/\" \/>\r\n<meta property=\"og:site_name\" content=\"Avada Lifestyle\" \/>\r\n<meta property=\"article:modified_time\" content=\"2024-11-18T16:37:11+00:00\" \/>\r\n<meta property=\"og:image\" content=\"https:\/\/www.tamaralorandi.com\/wp-content\/uploads\/2024\/08\/logo-ballo-copia.jpeg\" \/>\r\n\t<meta property=\"og:image:width\" content=\"960\" \/>\r\n\t<meta property=\"og:image:height\" content=\"960\" \/>\r\n\t<meta property=\"og:image:type\" content=\"image\/jpeg\" \/>\r\n<meta name=\"twitter:card\" content=\"summary_large_image\" \/>\r\n<meta name=\"twitter:label1\" content=\"Tempo di lettura stimato\" \/>\n\t<meta name=\"twitter:data1\" content=\"4 minuti\" \/>\r\n<script type=\"application\/ld+json\" class=\"yoast-schema-graph\">{\"@context\":\"https:\/\/schema.org\",\"@graph\":[{\"@type\":\"WebPage\",\"@id\":\"https:\/\/www.tamaralorandi.com\/index.php\/fashion-beauty\/\",\"url\":\"https:\/\/www.tamaralorandi.com\/index.php\/fashion-beauty\/\",\"name\":\"Fashion &amp; Beauty - Avada Lifestyle\",\"isPartOf\":{\"@id\":\"https:\/\/www.tamaralorandi.com\/#website\"},\"datePublished\":\"2015-03-12T14:10:33+00:00\",\"dateModified\":\"2024-11-18T16:37:11+00:00\",\"breadcrumb\":{\"@id\":\"https:\/\/www.tamaralorandi.com\/index.php\/fashion-beauty\/#breadcrumb\"},\"inLanguage\":\"it-IT\",\"potentialAction\":[{\"@type\":\"ReadAction\",\"target\":[\"https:\/\/www.tamaralorandi.com\/index.php\/fashion-beauty\/\"]}]},{\"@type\":\"BreadcrumbList\",\"@id\":\"https:\/\/www.tamaralorandi.com\/index.php\/fashion-beauty\/#breadcrumb\",\"itemListElement\":[{\"@type\":\"ListItem\",\"position\":1,\"name\":\"Home\",\"item\":\"https:\/\/www.tamaralorandi.com\/\"},{\"@type\":\"ListItem\",\"position\":2,\"name\":\"Fashion &amp; Beauty\"}]},{\"@type\":\"WebSite\",\"@id\":\"https:\/\/www.tamaralorandi.com\/#website\",\"url\":\"https:\/\/www.tamaralorandi.com\/\",\"name\":\"Tamara Lorandi\",\"description\":\"Tamara Lorandi, docente di ballo e molto altro\",\"publisher\":{\"@id\":\"https:\/\/www.tamaralorandi.com\/#\/schema\/person\/09af3aa0bda4548c43cfc34e6ccbcb1d\"},\"potentialAction\":[{\"@type\":\"SearchAction\",\"target\":{\"@type\":\"EntryPoint\",\"urlTemplate\":\"https:\/\/www.tamaralorandi.com\/?s={search_term_string}\"},\"query-input\":{\"@type\":\"PropertyValueSpecification\",\"valueRequired\":true,\"valueName\":\"search_term_string\"}}],\"inLanguage\":\"it-IT\"},{\"@type\":[\"Person\",\"Organization\"],\"@id\":\"https:\/\/www.tamaralorandi.com\/#\/schema\/person\/09af3aa0bda4548c43cfc34e6ccbcb1d\",\"name\":\"tamaralorandi\",\"image\":{\"@type\":\"ImageObject\",\"inLanguage\":\"it-IT\",\"@id\":\"https:\/\/www.tamaralorandi.com\/#\/schema\/person\/image\/\",\"url\":\"https:\/\/www.tamaralorandi.com\/wp-content\/uploads\/2024\/08\/cropped-logo-ballo-copia.jpeg\",\"contentUrl\":\"https:\/\/www.tamaralorandi.com\/wp-content\/uploads\/2024\/08\/cropped-logo-ballo-copia.jpeg\",\"width\":512,\"height\":512,\"caption\":\"tamaralorandi\"},\"logo\":{\"@id\":\"https:\/\/www.tamaralorandi.com\/#\/schema\/person\/image\/\"},\"sameAs\":[\"https:\/\/www.tamaralorandi.com\"]}]}<\/script>\r\n<!-- \/ Yoast SEO plugin. -->","yoast_head_json":{"title":"Fashion &amp; Beauty - Avada Lifestyle","robots":{"index":"index","follow":"follow","max-snippet":"max-snippet:-1","max-image-preview":"max-image-preview:large","max-video-preview":"max-video-preview:-1"},"canonical":"https:\/\/www.tamaralorandi.com\/index.php\/fashion-beauty\/","og_locale":"it_IT","og_type":"article","og_title":"Fashion &amp; Beauty - Avada Lifestyle","og_url":"https:\/\/www.tamaralorandi.com\/index.php\/fashion-beauty\/","og_site_name":"Avada Lifestyle","article_modified_time":"2024-11-18T16:37:11+00:00","og_image":[{"width":960,"height":960,"url":"https:\/\/www.tamaralorandi.com\/wp-content\/uploads\/2024\/08\/logo-ballo-copia.jpeg","type":"image\/jpeg"}],"twitter_card":"summary_large_image","twitter_misc":{"Tempo di lettura stimato":"4 minuti"},"schema":{"@context":"https:\/\/schema.org","@graph":[{"@type":"WebPage","@id":"https:\/\/www.tamaralorandi.com\/index.php\/fashion-beauty\/","url":"https:\/\/www.tamaralorandi.com\/index.php\/fashion-beauty\/","name":"Fashion &amp; Beauty - Avada Lifestyle","isPartOf":{"@id":"https:\/\/www.tamaralorandi.com\/#website"},"datePublished":"2015-03-12T14:10:33+00:00","dateModified":"2024-11-18T16:37:11+00:00","breadcrumb":{"@id":"https:\/\/www.tamaralorandi.com\/index.php\/fashion-beauty\/#breadcrumb"},"inLanguage":"it-IT","potentialAction":[{"@type":"ReadAction","target":["https:\/\/www.tamaralorandi.com\/index.php\/fashion-beauty\/"]}]},{"@type":"BreadcrumbList","@id":"https:\/\/www.tamaralorandi.com\/index.php\/fashion-beauty\/#breadcrumb","itemListElement":[{"@type":"ListItem","position":1,"name":"Home","item":"https:\/\/www.tamaralorandi.com\/"},{"@type":"ListItem","position":2,"name":"Fashion &amp; Beauty"}]},{"@type":"WebSite","@id":"https:\/\/www.tamaralorandi.com\/#website","url":"https:\/\/www.tamaralorandi.com\/","name":"Tamara Lorandi","description":"Tamara Lorandi, docente di ballo e molto altro","publisher":{"@id":"https:\/\/www.tamaralorandi.com\/#\/schema\/person\/09af3aa0bda4548c43cfc34e6ccbcb1d"},"potentialAction":[{"@type":"SearchAction","target":{"@type":"EntryPoint","urlTemplate":"https:\/\/www.tamaralorandi.com\/?s={search_term_string}"},"query-input":{"@type":"PropertyValueSpecification","valueRequired":true,"valueName":"search_term_string"}}],"inLanguage":"it-IT"},{"@type":["Person","Organization"],"@id":"https:\/\/www.tamaralorandi.com\/#\/schema\/person\/09af3aa0bda4548c43cfc34e6ccbcb1d","name":"tamaralorandi","image":{"@type":"ImageObject","inLanguage":"it-IT","@id":"https:\/\/www.tamaralorandi.com\/#\/schema\/person\/image\/","url":"https:\/\/www.tamaralorandi.com\/wp-content\/uploads\/2024\/08\/cropped-logo-ballo-copia.jpeg","contentUrl":"https:\/\/www.tamaralorandi.com\/wp-content\/uploads\/2024\/08\/cropped-logo-ballo-copia.jpeg","width":512,"height":512,"caption":"tamaralorandi"},"logo":{"@id":"https:\/\/www.tamaralorandi.com\/#\/schema\/person\/image\/"},"sameAs":["https:\/\/www.tamaralorandi.com"]}]}},"_links":{"self":[{"href":"https:\/\/www.tamaralorandi.com\/index.php\/wp-json\/wp\/v2\/pages\/16","targetHints":{"allow":["GET"]}}],"collection":[{"href":"https:\/\/www.tamaralorandi.com\/index.php\/wp-json\/wp\/v2\/pages"}],"about":[{"href":"https:\/\/www.tamaralorandi.com\/index.php\/wp-json\/wp\/v2\/types\/page"}],"author":[{"embeddable":true,"href":"https:\/\/www.tamaralorandi.com\/index.php\/wp-json\/wp\/v2\/users\/1"}],"replies":[{"embeddable":true,"href":"https:\/\/www.tamaralorandi.com\/index.php\/wp-json\/wp\/v2\/comments?post=16"}],"version-history":[{"count":9,"href":"https:\/\/www.tamaralorandi.com\/index.php\/wp-json\/wp\/v2\/pages\/16\/revisions"}],"predecessor-version":[{"id":3570,"href":"https:\/\/www.tamaralorandi.com\/index.php\/wp-json\/wp\/v2\/pages\/16\/revisions\/3570"}],"wp:attachment":[{"href":"https:\/\/www.tamaralorandi.com\/index.php\/wp-json\/wp\/v2\/media?parent=16"}],"curies":[{"name":"wp","href":"https:\/\/api.w.org\/{rel}","templated":true}]}}